{"id":3,"date":"2020-03-05T08:48:15","date_gmt":"2020-03-05T08:48:15","guid":{"rendered":"http:\/\/sinteg.cat\/?page_id=3"},"modified":"2020-03-25T15:47:30","modified_gmt":"2020-03-25T15:47:30","slug":"privacy-policy-2","status":"publish","type":"page","link":"https:\/\/sinteg.cat\/index.php\/privacy-policy-2\/","title":{"rendered":"Pol\u00edtica de Privacitat"},"content":{"rendered":"\n<h4 class=\"wp-block-heading\">Qui \u00e9s el responsable del tractament de les seves dades personals?<\/h4>\n\n\n\n<p>SINTEG, amb domicili a 08719 Castellol\u00ed, amb N.I.F. n\u00ba 46586190N, \u00e9s la responsable del tractament de les dades personals que vost\u00e8 ens proporciona i es responsabilitza de les referides dades personals d&#8217;acord amb la normativa aplicable en mat\u00e8ria de protecci\u00f3 de dades.<\/p>\n\n\n\n<h4 class=\"wp-block-heading\">On emmagatzemem les seves dades?<\/h4>\n\n\n\n<p>Les dades que recopilem sobre vost\u00e8 s&#8217;emmagatzemen dins de l&#8217;Espai Econ\u00f2mic Europeu (\u00abEEE\u00bb). Qualsevol transfer\u00e8ncia de les seves dades personals ser\u00e0 realitzada de conformitat amb les lleis aplicables.<\/p>\n\n\n\n<h4 class=\"wp-block-heading\">A qui comuniquem les seves dades?<\/h4>\n\n\n\n<p>Les seves dades poden ser compartides per SINTEG. Mai passem, venem ni intercanviem les seves dades personals amb terceres parts. Les dades que s&#8217;envi\u00efn a tercers, s&#8217;utilitzaran \u00fanicament per oferir-li a vost\u00e8 els nostres serveis. Li detallarem les categories de tercers que accedeixen a les seves dades per a cada activitat de tractament espec\u00edfica.<\/p>\n\n\n\n<h4 class=\"wp-block-heading\">Quina \u00e9s la base legal per al tractament de les seves dades personals?<\/h4>\n\n\n\n<p>En cada tractament espec\u00edfic de dades personals recopilades sobre vost\u00e8, li informarem si la comunicaci\u00f3 de dades personals \u00e9s un requisit legal o contractual, o un requisit necessari per subscriure un contracte, i si est\u00e0 obligat a facilitar les dades personals, aix\u00ed com de les possibles conseq\u00fc\u00e8ncies de no facilitar tals dades.<\/p>\n\n\n\n<h4 class=\"wp-block-heading\">Quins s\u00f3n els seus drets?<\/h4>\n\n\n\n<p>Dret d\u2019acc\u00e9s: Qualsevol persona t\u00e9 dret a obtenir confirmaci\u00f3 sobre si a SINTEG estem tractant dades personals que els concerneixin, o no. Pot contactar a SINTEG que li remetr\u00e0 les dades personals que tractem sobre vost\u00e8 per correu electr\u00f2nic.<\/p>\n\n\n\n<p>Dret de portabilitat: Sempre que SINTEG processi les seves dades personals a trav\u00e9s de mitjans automatitzats sobre la base del seu consentiment o a un acord, vost\u00e8 t\u00e9 dret a obtenir una c\u00f2pia de les seves dades en un format estructurat, d&#8217;\u00fas com\u00fa i lectura mec\u00e0nica transferida al seu nom o a un tercer. En ella s&#8217;inclouran \u00fanicament les dades personals que vost\u00e8 ens hagi facilitat.<\/p>\n\n\n\n<p>Dret de rectificaci\u00f3:&nbsp;Vost\u00e8 t\u00e9 dret a sol\u00b7licitar la rectificaci\u00f3 de les seves dades personals si s\u00f3n inexactes, incloent el dret a completar dades que figurin incomplets.<\/p>\n\n\n\n<p>Dret de supressi\u00f3:&nbsp;<\/p>\n\n\n\n<p>\u2022 Vost\u00e8 t\u00e9 dret a obtenir sense dilaci\u00f3 indeguda la supressi\u00f3 de qualsevol dada personal seva tractada per SINTEG a qualsevol moment, excepte en les seg\u00fcents situacions:<br>* t\u00e9 un deute pendent amb SINTEG, independentment del m\u00e8tode de pagament<br>* se sospita o est\u00e0 confirmat que ha utilitzat incorrectament els nostres serveis en els \u00faltims quatre anys<br>* ha contractat algun servei pel que conservarem les seves dades personals en relaci\u00f3 amb la transacci\u00f3 per normativa comptable.<\/p>\n\n\n\n<p>Dret d\u2019oposici\u00f3 al tractament de dades en base a l\u2019inter\u00e9s leg\u00edtim: Vost\u00e8 t\u00e9 dret a oposar-se al tractament de les seves dades personals sobre la base de l&#8217;inter\u00e8s leg\u00edtim de SINTEG. En aquest cas, SINTEG no seguir\u00e0 tractant les dades personals tret que puguem acreditar motius leg\u00edtims imperiosos per al tractament que prevalguin sobre els seus interessos, drets i llibertats, o b\u00e9 per a la formulaci\u00f3, l&#8217;exercici o la defensa de reclamacions.<\/p>\n\n\n\n<p>Dret d\u2019oposici\u00f3 al marketing directe: Vost\u00e8 t\u00e9 dret a oposar-se al m\u00e0rqueting directe, incloent l&#8217;elaboraci\u00f3 de perfils realitzada per a aquest m\u00e0rqueting directe. Pot desvincular-se del m\u00e0rqueting directe en qualsevol moment de les seg\u00fcents maneres: *seguint les indicacions facilitades a cada correu de m\u00e0rqueting<\/p>\n\n\n\n<p>Dret a presentar una reclamaci\u00f3 davant d\u2019una autoritat de control: Si vost\u00e8 considera que SINTEG tracta les seves dades d&#8217;una manera incorrecta, pot contactar amb nosaltres. Tamb\u00e9 t\u00e9 dret a presentar una queixa davant l&#8217;autoritat de protecci\u00f3 de dades competent.<\/p>\n\n\n\n<p>Dret a limitaci\u00f3 en el tractament: Vost\u00e8 t\u00e9 dret a sol\u00b7licitar que SINTEG limiti el tractament de les seves dades personals en les seg\u00fcents circumst\u00e0ncies:<br>* si vost\u00e8 s&#8217;oposa al tractament de les seves dades sobre la base de l&#8217;inter\u00e8s leg\u00edtim de SINTEG. En aquest cas SINTEG haur\u00e0 de limitar qualsevol tractament d&#8217;aquestes dades a l&#8217;espera de la verificaci\u00f3 de l&#8217;inter\u00e8s leg\u00edtim.<br>* si vost\u00e8 reclama que les seves dades personals s\u00f3n incorrectes, SINTEG ha de limitar qualsevol tractament d&#8217;aquestes dades fins que es verifiqui la precisi\u00f3 dels mateixos.<br>* si el tractament \u00e9s il\u00b7legal, vost\u00e8 podr\u00e0 oposar-se al fet que s&#8217;eliminin les dades personals i, en el seu lloc, sol\u00b7licitar la limitaci\u00f3 del seu \u00fas.<br>* si SINTEG ja no necessita les dades personals, per\u00f2 vost\u00e8 els necessita per a la formulaci\u00f3, l&#8217;exercici o la defensa de reclamacions.<\/p>\n\n\n\n<p>Exercici de drets: Ens prenem molt de deb\u00f2 la protecci\u00f3 de dades i, per tant, comptem amb personal de servei al client dedicat que s&#8217;ocupa de les seves sol\u00b7licituds en relaci\u00f3 amb els drets abans esmentats. Sempre pot posar-se en contacte amb ells a info@sinteg.com<\/p>\n\n\n\n<p><\/p>\n","protected":false},"excerpt":{"rendered":"<p>Qui \u00e9s el responsable del tractament de les seves dades personals? SINTEG, amb domicili a 08719 Castellol\u00ed, amb N.I.F. n\u00ba 46586190N, \u00e9s la responsable del tractament de les dades personals que vost\u00e8 ens proporciona i es responsabilitza de les referides dades personals d&#8217;acord amb la normativa aplicable en mat\u00e8ria de protecci\u00f3 de dades. On emmagatzemem [&hellip;]<\/p>\n","protected":false},"author":893,"featured_media":0,"parent":0,"menu_order":0,"comment_status":"closed","ping_status":"open","template":"","meta":{"_monsterinsights_skip_tracking":false,"_monsterinsights_sitenote_active":false,"_monsterinsights_sitenote_note":"","_monsterinsights_sitenote_category":0,"_joinchat":[],"footnotes":""},"class_list":["post-3","page","type-page","status-publish","hentry"],"yoast_head":"<!-- This site is optimized with the Yoast SEO plugin v25.6 - https:\/\/yoast.com\/wordpress\/plugins\/seo\/ -->\n<title>Pol\u00edtica de Privacitat - sinteg<\/title>\n<meta name=\"robots\" content=\"index, follow, max-snippet:-1, max-image-preview:large, max-video-preview:-1\" \/>\n<link rel=\"canonical\" href=\"https:\/\/sinteg.cat\/index.php\/privacy-policy-2\/\" \/>\n<meta property=\"og:locale\" content=\"ca_ES\" \/>\n<meta property=\"og:type\" content=\"article\" \/>\n<meta property=\"og:title\" content=\"Pol\u00edtica de Privacitat - sinteg\" \/>\n<meta property=\"og:description\" content=\"Qui \u00e9s el responsable del tractament de les seves dades personals? SINTEG, amb domicili a 08719 Castellol\u00ed, amb N.I.F. n\u00ba 46586190N, \u00e9s la responsable del tractament de les dades personals que vost\u00e8 ens proporciona i es responsabilitza de les referides dades personals d&#8217;acord amb la normativa aplicable en mat\u00e8ria de protecci\u00f3 de dades. On emmagatzemem [&hellip;]\" \/>\n<meta property=\"og:url\" content=\"https:\/\/sinteg.cat\/index.php\/privacy-policy-2\/\" \/>\n<meta property=\"og:site_name\" content=\"sinteg\" \/>\n<meta property=\"article:modified_time\" content=\"2020-03-25T15:47:30+00:00\" \/>\n<meta name=\"twitter:card\" content=\"summary_large_image\" \/>\n<meta name=\"twitter:label1\" content=\"Temps estimat de lectura\" \/>\n\t<meta name=\"twitter:data1\" content=\"4 minuts\" \/>\n<script type=\"application\/ld+json\" class=\"yoast-schema-graph\">{\"@context\":\"https:\/\/schema.org\",\"@graph\":[{\"@type\":\"WebPage\",\"@id\":\"https:\/\/sinteg.cat\/index.php\/privacy-policy-2\/\",\"url\":\"https:\/\/sinteg.cat\/index.php\/privacy-policy-2\/\",\"name\":\"Pol\u00edtica de Privacitat - sinteg\",\"isPartOf\":{\"@id\":\"https:\/\/sinteg.cat\/#website\"},\"datePublished\":\"2020-03-05T08:48:15+00:00\",\"dateModified\":\"2020-03-25T15:47:30+00:00\",\"breadcrumb\":{\"@id\":\"https:\/\/sinteg.cat\/index.php\/privacy-policy-2\/#breadcrumb\"},\"inLanguage\":\"ca\",\"potentialAction\":[{\"@type\":\"ReadAction\",\"target\":[\"https:\/\/sinteg.cat\/index.php\/privacy-policy-2\/\"]}]},{\"@type\":\"BreadcrumbList\",\"@id\":\"https:\/\/sinteg.cat\/index.php\/privacy-policy-2\/#breadcrumb\",\"itemListElement\":[{\"@type\":\"ListItem\",\"position\":1,\"name\":\"Inici\",\"item\":\"https:\/\/sinteg.cat\/\"},{\"@type\":\"ListItem\",\"position\":2,\"name\":\"Pol\u00edtica de Privacitat\"}]},{\"@type\":\"WebSite\",\"@id\":\"https:\/\/sinteg.cat\/#website\",\"url\":\"https:\/\/sinteg.cat\/\",\"name\":\"sinteg\",\"description\":\"It Supplies &amp; Services\",\"potentialAction\":[{\"@type\":\"SearchAction\",\"target\":{\"@type\":\"EntryPoint\",\"urlTemplate\":\"https:\/\/sinteg.cat\/?s={search_term_string}\"},\"query-input\":{\"@type\":\"PropertyValueSpecification\",\"valueRequired\":true,\"valueName\":\"search_term_string\"}}],\"inLanguage\":\"ca\"}]}<\/script>\n<!-- \/ Yoast SEO plugin. -->","yoast_head_json":{"title":"Pol\u00edtica de Privacitat - sinteg","robots":{"index":"index","follow":"follow","max-snippet":"max-snippet:-1","max-image-preview":"max-image-preview:large","max-video-preview":"max-video-preview:-1"},"canonical":"https:\/\/sinteg.cat\/index.php\/privacy-policy-2\/","og_locale":"ca_ES","og_type":"article","og_title":"Pol\u00edtica de Privacitat - sinteg","og_description":"Qui \u00e9s el responsable del tractament de les seves dades personals? SINTEG, amb domicili a 08719 Castellol\u00ed, amb N.I.F. n\u00ba 46586190N, \u00e9s la responsable del tractament de les dades personals que vost\u00e8 ens proporciona i es responsabilitza de les referides dades personals d&#8217;acord amb la normativa aplicable en mat\u00e8ria de protecci\u00f3 de dades. On emmagatzemem [&hellip;]","og_url":"https:\/\/sinteg.cat\/index.php\/privacy-policy-2\/","og_site_name":"sinteg","article_modified_time":"2020-03-25T15:47:30+00:00","twitter_card":"summary_large_image","twitter_misc":{"Temps estimat de lectura":"4 minuts"},"schema":{"@context":"https:\/\/schema.org","@graph":[{"@type":"WebPage","@id":"https:\/\/sinteg.cat\/index.php\/privacy-policy-2\/","url":"https:\/\/sinteg.cat\/index.php\/privacy-policy-2\/","name":"Pol\u00edtica de Privacitat - sinteg","isPartOf":{"@id":"https:\/\/sinteg.cat\/#website"},"datePublished":"2020-03-05T08:48:15+00:00","dateModified":"2020-03-25T15:47:30+00:00","breadcrumb":{"@id":"https:\/\/sinteg.cat\/index.php\/privacy-policy-2\/#breadcrumb"},"inLanguage":"ca","potentialAction":[{"@type":"ReadAction","target":["https:\/\/sinteg.cat\/index.php\/privacy-policy-2\/"]}]},{"@type":"BreadcrumbList","@id":"https:\/\/sinteg.cat\/index.php\/privacy-policy-2\/#breadcrumb","itemListElement":[{"@type":"ListItem","position":1,"name":"Inici","item":"https:\/\/sinteg.cat\/"},{"@type":"ListItem","position":2,"name":"Pol\u00edtica de Privacitat"}]},{"@type":"WebSite","@id":"https:\/\/sinteg.cat\/#website","url":"https:\/\/sinteg.cat\/","name":"sinteg","description":"It Supplies &amp; Services","potentialAction":[{"@type":"SearchAction","target":{"@type":"EntryPoint","urlTemplate":"https:\/\/sinteg.cat\/?s={search_term_string}"},"query-input":{"@type":"PropertyValueSpecification","valueRequired":true,"valueName":"search_term_string"}}],"inLanguage":"ca"}]}},"_links":{"self":[{"href":"https:\/\/sinteg.cat\/index.php\/wp-json\/wp\/v2\/pages\/3"}],"collection":[{"href":"https:\/\/sinteg.cat\/index.php\/wp-json\/wp\/v2\/pages"}],"about":[{"href":"https:\/\/sinteg.cat\/index.php\/wp-json\/wp\/v2\/types\/page"}],"author":[{"embeddable":true,"href":"https:\/\/sinteg.cat\/index.php\/wp-json\/wp\/v2\/users\/893"}],"replies":[{"embeddable":true,"href":"https:\/\/sinteg.cat\/index.php\/wp-json\/wp\/v2\/comments?post=3"}],"version-history":[{"count":2,"href":"https:\/\/sinteg.cat\/index.php\/wp-json\/wp\/v2\/pages\/3\/revisions"}],"predecessor-version":[{"id":786,"href":"https:\/\/sinteg.cat\/index.php\/wp-json\/wp\/v2\/pages\/3\/revisions\/786"}],"wp:attachment":[{"href":"https:\/\/sinteg.cat\/index.php\/wp-json\/wp\/v2\/media?parent=3"}],"curies":[{"name":"wp","href":"https:\/\/api.w.org\/{rel}","templated":true}]}}